{"id":5621,"date":"2026-02-28T16:00:21","date_gmt":"2026-02-28T15:00:21","guid":{"rendered":"https:\/\/www.boss-securite-monaco.com\/?page_id=5621"},"modified":"2026-03-09T02:38:03","modified_gmt":"2026-03-09T01:38:03","slug":"legal-information","status":"publish","type":"page","link":"https:\/\/www.boss-securite-monaco.com\/en\/mentions-legales\/","title":{"rendered":"Legal information"},"content":{"rendered":"<p><div class=\"fusion-fullwidth fullwidth-box fusion-builder-row-1 fusion-flex-container has-pattern-background has-mask-background fusion-parallax-none nonhundred-percent-fullwidth non-hundred-percent-height-scrolling lazyload\" style=\"--awb-background-blend-mode:multiply;--awb-border-radius-top-left:0px;--awb-border-radius-top-right:0px;--awb-border-radius-bottom-right:0px;--awb-border-radius-bottom-left:0px;--awb-margin-top:0px;--awb-margin-bottom:0px;--awb-min-height:450px;--awb-background-color:#7c7c7c;--awb-background-size:cover;--awb-flex-wrap:wrap;\" data-bg=\"https:\/\/www.boss-securite-monaco.com\/wp-content\/uploads\/2026\/03\/boss-securite-monaco-global-mentions-legales-header.webp\" ><div class=\"fusion-builder-row fusion-row fusion-flex-align-items-center fusion-flex-align-content-center fusion-flex-content-wrap\" style=\"max-width:1216.8px;margin-left: calc(-4% \/ 2 );margin-right: calc(-4% \/ 2 );\"><div class=\"fusion-layout-column fusion_builder_column fusion-builder-column-0 fusion_builder_column_1_1 1_1 fusion-flex-column\" style=\"--awb-bg-size:cover;--awb-border-color:#8ec850;--awb-border-style:solid;--awb-width-large:100%;--awb-margin-top-large:20px;--awb-spacing-right-large:1.92%;--awb-margin-bottom-large:0px;--awb-spacing-left-large:1.92%;--awb-width-medium:100%;--awb-order-medium:0;--awb-spacing-right-medium:1.92%;--awb-spacing-left-medium:1.92%;--awb-width-small:100%;--awb-order-small:0;--awb-spacing-right-small:1.92%;--awb-spacing-left-small:1.92%;\"><div class=\"fusion-column-wrapper fusion-column-has-shadow fusion-flex-justify-content-center fusion-content-layout-column\"><div class=\"fusion-title title fusion-title-1 fusion-title-center fusion-title-text fusion-title-size-one\" style=\"--awb-text-color:#ffffff;--awb-margin-bottom:0px;--awb-margin-top-small:0px;--awb-margin-bottom-small:20px;\"><div class=\"title-sep-container title-sep-container-left\"><div class=\"title-sep sep- sep-solid\" style=\"border-color:#e2e2e2;\"><\/div><\/div><span class=\"awb-title-spacer\"><\/span><h1 class=\"fusion-title-heading title-heading-center fusion-responsive-typography-calculated\" style=\"margin:0;--fontSize:80;line-height:1.14;text-shadow:2px 2px 2px var(--awb-color7);\">Legal information<\/h1><span class=\"awb-title-spacer\"><\/span><div class=\"title-sep-container title-sep-container-right\"><div class=\"title-sep sep- sep-solid\" style=\"border-color:#e2e2e2;\"><\/div><\/div><\/div><\/div><\/div><\/div><\/div><div class=\"fusion-fullwidth fullwidth-box fusion-builder-row-2 fusion-flex-container has-pattern-background has-mask-background nonhundred-percent-fullwidth non-hundred-percent-height-scrolling\" style=\"--awb-border-radius-top-left:0px;--awb-border-radius-top-right:0px;--awb-border-radius-bottom-right:0px;--awb-border-radius-bottom-left:0px;--awb-padding-top:40px;--awb-padding-bottom:50px;--awb-background-color:var(--awb-color1);--awb-flex-wrap:wrap;\" ><div class=\"fusion-builder-row fusion-row fusion-flex-align-items-flex-start fusion-flex-content-wrap\" style=\"max-width:1216.8px;margin-left: calc(-4% \/ 2 );margin-right: calc(-4% \/ 2 );\"><div class=\"fusion-layout-column fusion_builder_column fusion-builder-column-1 fusion_builder_column_1_6 1_6 fusion-flex-column\" style=\"--awb-bg-size:cover;--awb-width-large:16.666666666667%;--awb-margin-top-large:0px;--awb-spacing-right-large:11.52%;--awb-margin-bottom-large:20px;--awb-spacing-left-large:11.52%;--awb-width-medium:100%;--awb-order-medium:0;--awb-spacing-right-medium:1.92%;--awb-spacing-left-medium:1.92%;--awb-width-small:100%;--awb-order-small:0;--awb-spacing-right-small:1.92%;--awb-spacing-left-small:1.92%;\"><div class=\"fusion-column-wrapper fusion-column-has-shadow fusion-flex-justify-content-flex-start fusion-content-layout-column\"><\/div><\/div><div class=\"fusion-layout-column fusion_builder_column fusion-builder-column-2 fusion_builder_column_2_3 2_3 fusion-flex-column\" style=\"--awb-bg-size:cover;--awb-width-large:66.666666666667%;--awb-margin-top-large:0px;--awb-spacing-right-large:2.88%;--awb-margin-bottom-large:20px;--awb-spacing-left-large:2.88%;--awb-width-medium:100%;--awb-order-medium:0;--awb-spacing-right-medium:1.92%;--awb-spacing-left-medium:1.92%;--awb-width-small:100%;--awb-order-small:0;--awb-spacing-right-small:1.92%;--awb-spacing-left-small:1.92%;\"><div class=\"fusion-column-wrapper fusion-column-has-shadow fusion-flex-justify-content-flex-start fusion-content-layout-column\"><div class=\"fusion-text fusion-text-1\"><h2><b>Site publisher<\/b><\/h2>\n<p>The website\u00a0<a href=\"http:\/\/www.boss-securite-monaco.com\/en\/\"><b>www.boss-securite-monaco.com<\/b><\/a> is published by :<\/p>\n<p><b>BOSS S\u00c9CURIT\u00c9 PRIV\u00c9E<\/b><b><br \/>\n<\/b>Soci\u00e9t\u00e9 Anonyme Mon\u00e9gasque (S.A.M.)<br \/>\nShare capital : <b>185 000 \u20ac<\/b><\/p>\n<p>Registered office:<br \/>\nLe Suffren<br \/>\n7 Rue Suffren Reymond<br \/>\n98000 Monaco<\/p>\n<p>Telephone: +377 97 77 11 03<br \/>\nMobile phone: +33 6 09 20 18 20<br \/>\nFax: +377 97 77 11 10<\/p>\n<p>E-mail address : <a href=\"mailto:assistante@groupe-boss.com\">assistante@groupe-boss.com<\/a><br \/>\nWebsite :\u00a0<a href=\"http:\/\/www.boss-securite-monaco.com\/en\/\">www.boss-securite-monaco.com<\/a><\/p>\n<p>Registration number in the Monaco Trade and Industry Register : <b>03S04110<\/b><\/p>\n<p>NAF code : <b>8001Y - Investigation and private security activities<\/b><\/p>\n<p>VAT number : <b>FR52000062934<\/b><b><\/b><\/p>\n<h2><b>Publishing director<\/b><\/h2>\n<p class=\"translation-block\">The website's publisher is the legal representative of the company <b>BOSS S\u00c9CURIT\u00c9 PRIV\u00c9E<\/b>.<\/p>\n<h2><b>Hosting<\/b><\/h2>\n<p>The website\u00a0<a href=\"http:\/\/www.boss-securite-monaco.com\/en\/\"><b>www.boss-securite-monaco.com<\/b><\/a> is hosted by :<\/p>\n<p><b>OVH SAS<\/b><b><br \/>\n<\/b>2 rue Kellermann<br \/>\n59100 Roubaix - France<br \/>\nWebsite :\u00a0<a href=\"https:\/\/www.ovh.net\">https:\/\/www.ovh.net<\/a><\/p>\n<h2><b>Intellectual property<\/b><\/h2>\n<p>All content on the site\u00a0<a href=\"http:\/\/www.boss-securite-monaco.com\/en\/\"><b>www.boss-securite-monaco.com<\/b><\/a>, The content of this website, including text, images, photographs, graphics, logos, videos, icons and multimedia elements, is protected by current legislation on intellectual property.<\/p>\n<p class=\"translation-block\">Unless prior written authorization is obtained from <b>BOSS S\u00c9CURIT\u00c9 PRIV\u00c9E<\/b>, any reproduction, display, modification, publication, adaptation, or use, in whole or in part, of the elements of this website, regardless of the means or method used, is prohibited.<\/p>\n<p>Any unauthorised use of the site or any of its elements may be prosecuted in accordance with the applicable legal provisions.<\/p>\n<h2><b>Photographs and visuals<\/b><\/h2>\n<p>The photographs, illustrations and visuals on this site are provided for illustrative purposes only.<br \/>\nThey are not contractual and the company cannot be held liable for them. <b>BOSS S\u00c9CURIT\u00c9 PRIV\u00c9E<\/b>.<\/p>\n<h2><b>Liability<\/b><\/h2>\n<p>The company <b>BOSS S\u00c9CURIT\u00c9 PRIV\u00c9E<\/b> makes every effort to ensure that the information published on this site is accurate and up-to-date. However, it cannot guarantee that the information provided is accurate, complete or up-to-date.<\/p>\n<p>The site editor may not be held liable for any direct or indirect damage resulting from access to the site or use of the information presented therein.<\/p>\n<p>The site may contain links to other websites. <b>BOSS S\u00c9CURIT\u00c9 PRIV\u00c9E<\/b> cannot be held responsible for the content or practices of these third-party sites.<\/p>\n<h2><b>Site availability<\/b><\/h2>\n<p>The company <b>BOSS S\u00c9CURIT\u00c9 PRIV\u00c9E<\/b> endeavours to provide access to the site 24 hours a day, 7 days a week. However, access to the site may be suspended, limited or interrupted at any time, in particular for maintenance, updating or any other technical reason.<\/p>\n<h2><b>Personal data<\/b><\/h2>\n<p>The information collected via the website may be processed electronically in order to respond to users' requests or to ensure the smooth operation of the services offered.<\/p>\n<p>For more information on the management of personal data and the exercise of your rights, please consult the page <b>Privacy policy<\/b> of the site.<\/p>\n<h2><b>Modification of legal notices<\/b><\/h2>\n<p><b>BOSS S\u00c9CURIT\u00c9 PRIV\u00c9E<\/b> reserves the right to modify this legal notice at any time in order to adapt it to changes to the site or to applicable legislation.<\/p>\n<h2><b>Applicable law<\/b><\/h2>\n<p>This legal notice is governed by the law applicable in France. <b>Principality of Monaco<\/b>.<\/p>\n<p>In the event of a dispute, and failing amicable resolution, the competent courts of the Principality of Monaco shall have sole jurisdiction.<\/p>\n<h2><b>Accessibility of legal notices<\/b><\/h2>\n<p>These legal notices can be accessed at any time from the footer of the website.<\/p>\n<h2><b>Contact<\/b><\/h2>\n<p>If you have any questions about the website or its content, please contact :<\/p>\n<p><b>BOSS S\u00c9CURIT\u00c9 PRIV\u00c9E<\/b><b><br \/>\n<\/b><a href=\"mailto:assistante@groupe-boss.com\">assistante@groupe-boss.com<\/a><br \/>\n+377 97 77 11 03<\/p>\n<\/div><\/div><\/div><div class=\"fusion-layout-column fusion_builder_column fusion-builder-column-3 fusion_builder_column_1_6 1_6 fusion-flex-column\" style=\"--awb-bg-size:cover;--awb-width-large:16.666666666667%;--awb-margin-top-large:0px;--awb-spacing-right-large:11.52%;--awb-margin-bottom-large:20px;--awb-spacing-left-large:11.52%;--awb-width-medium:100%;--awb-order-medium:0;--awb-spacing-right-medium:1.92%;--awb-spacing-left-medium:1.92%;--awb-width-small:100%;--awb-order-small:0;--awb-spacing-right-small:1.92%;--awb-spacing-left-small:1.92%;\"><div class=\"fusion-column-wrapper fusion-column-has-shadow fusion-flex-justify-content-flex-start fusion-content-layout-column\"><\/div><\/div><\/div><\/div><\/p>","protected":false},"excerpt":{"rendered":"","protected":false},"author":5,"featured_media":0,"parent":0,"menu_order":10,"comment_status":"closed","ping_status":"open","template":"100-width.php","meta":{"footnotes":""},"class_list":["post-5621","page","type-page","status-publish","hentry"],"yoast_head":"<!-- This site is optimized with the Yoast SEO plugin v27.6 - https:\/\/yoast.com\/product\/yoast-seo-wordpress\/ -->\n<title>Mentions l\u00e9gales \u2013 boss s\u00e9curit\u00e9 priv\u00e9e<\/title>\n<meta name=\"description\" content=\"Mentions l\u00e9gales du site boss s\u00e9curit\u00e9 priv\u00e9e \u00e0 Monaco : informations l\u00e9gales, \u00e9diteur du site et responsabilit\u00e9s.\" \/>\n<meta name=\"robots\" content=\"index, follow, max-snippet:-1, max-image-preview:large, max-video-preview:-1\" \/>\n<link rel=\"canonical\" href=\"https:\/\/www.boss-securite-monaco.com\/en\/legal-information\/\" \/>\n<meta property=\"og:locale\" content=\"en_GB\" \/>\n<meta property=\"og:type\" content=\"article\" \/>\n<meta property=\"og:title\" content=\"Mentions l\u00e9gales \u2013 boss s\u00e9curit\u00e9 priv\u00e9e\" \/>\n<meta property=\"og:description\" content=\"Mentions l\u00e9gales du site boss s\u00e9curit\u00e9 priv\u00e9e \u00e0 Monaco : informations l\u00e9gales, \u00e9diteur du site et responsabilit\u00e9s.\" \/>\n<meta property=\"og:url\" content=\"https:\/\/www.boss-securite-monaco.com\/en\/legal-information\/\" \/>\n<meta property=\"og:site_name\" content=\"boss s\u00e9curit\u00e9 priv\u00e9e - Monaco\" \/>\n<meta property=\"article:modified_time\" content=\"2026-03-09T01:38:03+00:00\" \/>\n<meta name=\"twitter:card\" content=\"summary_large_image\" \/>\n<meta name=\"twitter:label1\" content=\"Estimated reading time\" \/>\n\t<meta name=\"twitter:data1\" content=\"4 minutes\" \/>\n<script type=\"application\/ld+json\" class=\"yoast-schema-graph\">{\"@context\":\"https:\\\/\\\/schema.org\",\"@graph\":[{\"@type\":\"WebPage\",\"@id\":\"https:\\\/\\\/www.boss-securite-monaco.com\\\/mentions-legales\\\/\",\"url\":\"https:\\\/\\\/www.boss-securite-monaco.com\\\/mentions-legales\\\/\",\"name\":\"Mentions l\u00e9gales \u2013 boss s\u00e9curit\u00e9 priv\u00e9e\",\"isPartOf\":{\"@id\":\"https:\\\/\\\/www.boss-securite-monaco.com\\\/#website\"},\"datePublished\":\"2026-02-28T15:00:21+00:00\",\"dateModified\":\"2026-03-09T01:38:03+00:00\",\"description\":\"Mentions l\u00e9gales du site boss s\u00e9curit\u00e9 priv\u00e9e \u00e0 Monaco : informations l\u00e9gales, \u00e9diteur du site et responsabilit\u00e9s.\",\"breadcrumb\":{\"@id\":\"https:\\\/\\\/www.boss-securite-monaco.com\\\/mentions-legales\\\/#breadcrumb\"},\"inLanguage\":\"en-GB\",\"potentialAction\":[{\"@type\":\"ReadAction\",\"target\":[\"https:\\\/\\\/www.boss-securite-monaco.com\\\/mentions-legales\\\/\"]}]},{\"@type\":\"BreadcrumbList\",\"@id\":\"https:\\\/\\\/www.boss-securite-monaco.com\\\/mentions-legales\\\/#breadcrumb\",\"itemListElement\":[{\"@type\":\"ListItem\",\"position\":1,\"name\":\"Accueil\",\"item\":\"https:\\\/\\\/www.boss-securite-monaco.com\\\/\"},{\"@type\":\"ListItem\",\"position\":2,\"name\":\"Mentions l\u00e9gales\"}]},{\"@type\":\"WebSite\",\"@id\":\"https:\\\/\\\/www.boss-securite-monaco.com\\\/#website\",\"url\":\"https:\\\/\\\/www.boss-securite-monaco.com\\\/\",\"name\":\"boss s\u00e9curit\u00e9 priv\u00e9e - Monaco\",\"description\":\"best of security services\",\"potentialAction\":[{\"@type\":\"SearchAction\",\"target\":{\"@type\":\"EntryPoint\",\"urlTemplate\":\"https:\\\/\\\/www.boss-securite-monaco.com\\\/?s={search_term_string}\"},\"query-input\":{\"@type\":\"PropertyValueSpecification\",\"valueRequired\":true,\"valueName\":\"search_term_string\"}}],\"inLanguage\":\"en-GB\"}]}<\/script>\n<!-- \/ Yoast SEO plugin. -->","yoast_head_json":{"title":"Legal information - boss s\u00e9curit\u00e9 priv\u00e9e","description":"Legal information about the boss s\u00e9curit\u00e9 priv\u00e9e website in Monaco: legal information, website publisher and responsibilities.","robots":{"index":"index","follow":"follow","max-snippet":"max-snippet:-1","max-image-preview":"max-image-preview:large","max-video-preview":"max-video-preview:-1"},"canonical":"https:\/\/www.boss-securite-monaco.com\/en\/legal-information\/","og_locale":"en_GB","og_type":"article","og_title":"Mentions l\u00e9gales \u2013 boss s\u00e9curit\u00e9 priv\u00e9e","og_description":"Mentions l\u00e9gales du site boss s\u00e9curit\u00e9 priv\u00e9e \u00e0 Monaco : informations l\u00e9gales, \u00e9diteur du site et responsabilit\u00e9s.","og_url":"https:\/\/www.boss-securite-monaco.com\/en\/legal-information\/","og_site_name":"boss s\u00e9curit\u00e9 priv\u00e9e - Monaco","article_modified_time":"2026-03-09T01:38:03+00:00","twitter_card":"summary_large_image","twitter_misc":{"Estimated reading time":"4 minutes"},"schema":{"@context":"https:\/\/schema.org","@graph":[{"@type":"WebPage","@id":"https:\/\/www.boss-securite-monaco.com\/mentions-legales\/","url":"https:\/\/www.boss-securite-monaco.com\/mentions-legales\/","name":"Legal information - boss s\u00e9curit\u00e9 priv\u00e9e","isPartOf":{"@id":"https:\/\/www.boss-securite-monaco.com\/#website"},"datePublished":"2026-02-28T15:00:21+00:00","dateModified":"2026-03-09T01:38:03+00:00","description":"Legal information about the boss s\u00e9curit\u00e9 priv\u00e9e website in Monaco: legal information, website publisher and responsibilities.","breadcrumb":{"@id":"https:\/\/www.boss-securite-monaco.com\/mentions-legales\/#breadcrumb"},"inLanguage":"en-GB","potentialAction":[{"@type":"ReadAction","target":["https:\/\/www.boss-securite-monaco.com\/mentions-legales\/"]}]},{"@type":"BreadcrumbList","@id":"https:\/\/www.boss-securite-monaco.com\/mentions-legales\/#breadcrumb","itemListElement":[{"@type":"ListItem","position":1,"name":"Accueil","item":"https:\/\/www.boss-securite-monaco.com\/"},{"@type":"ListItem","position":2,"name":"Mentions l\u00e9gales"}]},{"@type":"WebSite","@id":"https:\/\/www.boss-securite-monaco.com\/#website","url":"https:\/\/www.boss-securite-monaco.com\/","name":"boss private security - Monaco","description":"best of security services","potentialAction":[{"@type":"SearchAction","target":{"@type":"EntryPoint","urlTemplate":"https:\/\/www.boss-securite-monaco.com\/?s={search_term_string}"},"query-input":{"@type":"PropertyValueSpecification","valueRequired":true,"valueName":"search_term_string"}}],"inLanguage":"en-GB"}]}},"_links":{"self":[{"href":"https:\/\/www.boss-securite-monaco.com\/en\/wp-json\/wp\/v2\/pages\/5621","targetHints":{"allow":["GET"]}}],"collection":[{"href":"https:\/\/www.boss-securite-monaco.com\/en\/wp-json\/wp\/v2\/pages"}],"about":[{"href":"https:\/\/www.boss-securite-monaco.com\/en\/wp-json\/wp\/v2\/types\/page"}],"author":[{"embeddable":true,"href":"https:\/\/www.boss-securite-monaco.com\/en\/wp-json\/wp\/v2\/users\/5"}],"replies":[{"embeddable":true,"href":"https:\/\/www.boss-securite-monaco.com\/en\/wp-json\/wp\/v2\/comments?post=5621"}],"version-history":[{"count":0,"href":"https:\/\/www.boss-securite-monaco.com\/en\/wp-json\/wp\/v2\/pages\/5621\/revisions"}],"wp:attachment":[{"href":"https:\/\/www.boss-securite-monaco.com\/en\/wp-json\/wp\/v2\/media?parent=5621"}],"curies":[{"name":"wp","href":"https:\/\/api.w.org\/{rel}","templated":true}]}}