{"id":3,"date":"2021-06-24T17:17:42","date_gmt":"2021-06-24T15:17:42","guid":{"rendered":"https:\/\/jmb.mms.mc\/?page_id=3"},"modified":"2026-03-04T23:59:02","modified_gmt":"2026-03-04T22:59:02","slug":"privacy-policy","status":"publish","type":"page","link":"https:\/\/www.boss-securite-monaco.com\/en\/politique-confidentialite\/","title":{"rendered":"Privacy policy"},"content":{"rendered":"<p><div class=\"fusion-fullwidth fullwidth-box fusion-builder-row-1 fusion-flex-container has-pattern-background has-mask-background fusion-parallax-none nonhundred-percent-fullwidth non-hundred-percent-height-scrolling lazyload\" style=\"--awb-background-blend-mode:multiply;--awb-border-radius-top-left:0px;--awb-border-radius-top-right:0px;--awb-border-radius-bottom-right:0px;--awb-border-radius-bottom-left:0px;--awb-margin-top:0px;--awb-margin-bottom:0px;--awb-min-height:450px;--awb-background-color:#7c7c7c;--awb-background-size:cover;--awb-flex-wrap:wrap;\" data-bg=\"https:\/\/www.boss-securite-monaco.com\/wp-content\/uploads\/2026\/03\/boss-securite-monaco-global-politique-confidentialite-header.webp\" ><div class=\"fusion-builder-row fusion-row fusion-flex-align-items-center fusion-flex-align-content-center fusion-flex-content-wrap\" style=\"max-width:1216.8px;margin-left: calc(-4% \/ 2 );margin-right: calc(-4% \/ 2 );\"><div class=\"fusion-layout-column fusion_builder_column fusion-builder-column-0 fusion_builder_column_1_1 1_1 fusion-flex-column\" style=\"--awb-bg-size:cover;--awb-border-color:#8ec850;--awb-border-style:solid;--awb-width-large:100%;--awb-margin-top-large:20px;--awb-spacing-right-large:1.92%;--awb-margin-bottom-large:0px;--awb-spacing-left-large:1.92%;--awb-width-medium:100%;--awb-order-medium:0;--awb-spacing-right-medium:1.92%;--awb-spacing-left-medium:1.92%;--awb-width-small:100%;--awb-order-small:0;--awb-spacing-right-small:1.92%;--awb-spacing-left-small:1.92%;\"><div class=\"fusion-column-wrapper fusion-column-has-shadow fusion-flex-justify-content-center fusion-content-layout-column\"><div class=\"fusion-title title fusion-title-1 fusion-title-center fusion-title-text fusion-title-size-one\" style=\"--awb-text-color:#ffffff;--awb-margin-bottom:0px;--awb-margin-top-small:0px;--awb-margin-bottom-small:20px;\"><div class=\"title-sep-container title-sep-container-left\"><div class=\"title-sep sep- sep-solid\" style=\"border-color:#e2e2e2;\"><\/div><\/div><span class=\"awb-title-spacer\"><\/span><h1 class=\"fusion-title-heading title-heading-center fusion-responsive-typography-calculated\" style=\"margin:0;--fontSize:80;line-height:1.14;text-shadow:2px 2px 2px var(--awb-color7);\">Privacy policy<\/h1><span class=\"awb-title-spacer\"><\/span><div class=\"title-sep-container title-sep-container-right\"><div class=\"title-sep sep- sep-solid\" style=\"border-color:#e2e2e2;\"><\/div><\/div><\/div><\/div><\/div><\/div><\/div><div class=\"fusion-fullwidth fullwidth-box fusion-builder-row-2 fusion-flex-container has-pattern-background has-mask-background nonhundred-percent-fullwidth non-hundred-percent-height-scrolling\" style=\"--awb-border-radius-top-left:0px;--awb-border-radius-top-right:0px;--awb-border-radius-bottom-right:0px;--awb-border-radius-bottom-left:0px;--awb-padding-top:40px;--awb-padding-bottom:50px;--awb-background-color:var(--awb-color1);--awb-flex-wrap:wrap;\" ><div class=\"fusion-builder-row fusion-row fusion-flex-align-items-flex-start fusion-flex-content-wrap\" style=\"max-width:1216.8px;margin-left: calc(-4% \/ 2 );margin-right: calc(-4% \/ 2 );\"><div class=\"fusion-layout-column fusion_builder_column fusion-builder-column-1 fusion_builder_column_1_6 1_6 fusion-flex-column\" style=\"--awb-bg-size:cover;--awb-width-large:16.666666666667%;--awb-margin-top-large:0px;--awb-spacing-right-large:11.52%;--awb-margin-bottom-large:20px;--awb-spacing-left-large:11.52%;--awb-width-medium:100%;--awb-order-medium:0;--awb-spacing-right-medium:1.92%;--awb-spacing-left-medium:1.92%;--awb-width-small:100%;--awb-order-small:0;--awb-spacing-right-small:1.92%;--awb-spacing-left-small:1.92%;\"><div class=\"fusion-column-wrapper fusion-column-has-shadow fusion-flex-justify-content-flex-start fusion-content-layout-column\"><\/div><\/div><div class=\"fusion-layout-column fusion_builder_column fusion-builder-column-2 fusion_builder_column_2_3 2_3 fusion-flex-column\" style=\"--awb-bg-size:cover;--awb-width-large:66.666666666667%;--awb-margin-top-large:0px;--awb-spacing-right-large:2.88%;--awb-margin-bottom-large:20px;--awb-spacing-left-large:2.88%;--awb-width-medium:100%;--awb-order-medium:0;--awb-spacing-right-medium:1.92%;--awb-spacing-left-medium:1.92%;--awb-width-small:100%;--awb-order-small:0;--awb-spacing-right-small:1.92%;--awb-spacing-left-small:1.92%;\"><div class=\"fusion-column-wrapper fusion-column-has-shadow fusion-flex-justify-content-flex-start fusion-content-layout-column\"><div class=\"fusion-text fusion-text-1\"><h2><b>Introduction<\/b><\/h2>\n<p>The purpose of this confidentiality policy is to inform users of the site\u00a0<a href=\"http:\/\/www.boss-securite-monaco.com\/en\/\"><b>www.boss-securite-monaco.com<\/b><\/a> about how their personal data may be collected, used and protected.<\/p>\n<p>The company <b>BOSS S\u00c9CURIT\u00c9 PRIV\u00c9E<\/b> undertakes to ensure the protection, confidentiality and security of personal data in accordance with the provisions applicable in the Principality of Monaco, in particular the <b>law no. 1.565 of 3 December 2024 on the protection of personal data<\/b>.<\/p>\n<h2><b>Data controller<\/b><\/h2>\n<p>The party responsible for processing the data collected on the site is :<\/p>\n<p><b>BOSS S\u00c9CURIT\u00c9 PRIV\u00c9E<\/b><b><br \/>\n<\/b>Soci\u00e9t\u00e9 Anonyme Mon\u00e9gasque (S.A.M.)<br \/>\nShare capital: \u20ac185,000<\/p>\n<p>Registered office:<br \/>\nLe Suffren<br \/>\n7 Rue Suffren Reymond<br \/>\n98000 Monaco<\/p>\n<p>Telephone: +377 97 77 11 03<br \/>\nEmail : assistante@groupe-boss.com<\/p>\n<h2><b>Data collected<\/b><\/h2>\n<p>When you use the site, certain personal data may be collected.<\/p>\n<p>This data may include in particular:<\/p>\n<ul>\n<li aria-level=\"1\">full name<\/li>\n<li aria-level=\"1\">email address<\/li>\n<li aria-level=\"1\">telephone number<\/li>\n<li aria-level=\"1\">content of the message sent via the contact form<\/li>\n<li aria-level=\"1\">technical navigation data<\/li>\n<li aria-level=\"1\">IP address<\/li>\n<li aria-level=\"1\">statistical data on site traffic<\/li>\n<\/ul>\n<p>This information is collected only when it is necessary for the proper operation of the site or to respond to user requests.<\/p>\n<h2><b>Purposes of processing<\/b><\/h2>\n<p>The personal data collected may be used for the following purposes:<\/p>\n<ul>\n<li aria-level=\"1\">respond to requests sent via contact forms<\/li>\n<li aria-level=\"1\">ensure communication with users<\/li>\n<li aria-level=\"1\">improve the browsing experience on the site<\/li>\n<li aria-level=\"1\">analyse the audience and the number of visits to the website<\/li>\n<li aria-level=\"1\">ensure the security of the site and prevent attempts at fraud or spam<\/li>\n<\/ul>\n<h2><b>Legal basis for processing<\/b><\/h2>\n<p>There are several legal bases for processing personal data:<\/p>\n<ul>\n<li aria-level=\"1\">user consent when filling in a form or accepting cookies<\/li>\n<li aria-level=\"1\">the legitimate interest of <b>BOSS S\u00c9CURIT\u00c9 PRIV\u00c9E<\/b> to improve its site and ensure its security<\/li>\n<li aria-level=\"1\">compliance with legal obligations applicable in the Principality of Monaco<\/li>\n<\/ul>\n<h2><b>Data recipients<\/b><\/h2>\n<p>The personal data collected is intended exclusively for <b>BOSS S\u00c9CURIT\u00c9 PRIV\u00c9E<\/b>.<\/p>\n<p>However, certain data may be transmitted to technical service providers involved in the operation of the site, in particular :<\/p>\n<ul>\n<li aria-level=\"1\">the site host<\/li>\n<li aria-level=\"1\">providers of statistical analysis services<\/li>\n<li aria-level=\"1\">technical service providers responsible for site maintenance<\/li>\n<\/ul>\n<p>These service providers only act in the context of specific missions and are required to respect the confidentiality of data.<\/p>\n<h2><b>Audience measurement tools<\/b><\/h2>\n<p>The site uses <b>Google Analytics<\/b>, via <b>Google Tag Manager<\/b>, in order to analyse site traffic and usage.<\/p>\n<p>This tool collects anonymised information such as :<\/p>\n<ul>\n<li aria-level=\"1\">the pages consulted<\/li>\n<li aria-level=\"1\">sailing time<\/li>\n<li aria-level=\"1\">traffic sources<\/li>\n<li aria-level=\"1\">interactions with the site<\/li>\n<\/ul>\n<p>This data is used solely for statistical purposes in order to improve the performance and content of the site.<\/p>\n<p>The use of these analytical cookies is subject to the user's consent.<\/p>\n<h2><b>Third-party services used<\/b><\/h2>\n<p>The site may use certain services provided by third parties, in particular :<\/p>\n<p>Google Fonts, to improve the typographic display of the site.<\/p>\n<p>Google reCAPTCHA, to protect forms against automated or malicious submission attempts.<\/p>\n<p>These services may involve the transmission of certain technical data to the suppliers concerned.<\/p>\n<h2><b>Data retention period<\/b><\/h2>\n<p>Personal data is kept only for as long as is necessary for the purposes for which it was collected.<\/p>\n<p>Data relating to requests sent via contact forms is kept for a reasonable period of time to enable the request to be processed and any follow-up to be carried out.<\/p>\n<p>Anonymised statistical data may be kept for a longer period for visitor analysis purposes.<\/p>\n<h2><b>Data security<\/b><\/h2>\n<p><b>BOSS S\u00c9CURIT\u00c9 PRIV\u00c9E<\/b> implements appropriate technical and organisational measures to protect personal data against loss, unauthorised access, disclosure or alteration.<\/p>\n<h2><b>User rights<\/b><\/h2>\n<p>In accordance with the legislation applicable in the Principality of Monaco, users have the following rights in particular:<\/p>\n<ul>\n<li aria-level=\"1\">right of access to personal data<\/li>\n<li aria-level=\"1\">right of rectification<\/li>\n<li aria-level=\"1\">right to erasure<\/li>\n<li aria-level=\"1\">right to restrict processing<\/li>\n<li aria-level=\"1\">right to object to processing<\/li>\n<\/ul>\n<p>To exercise these rights, users may send their request to the following address:<\/p>\n<p>assistante@groupe-boss.com<\/p>\n<h2><b>Control authority<\/b><\/h2>\n<p>Users also have the right to lodge a complaint with the competent authority for the protection of personal data in the Principality of Monaco :<\/p>\n<p><b>Personal Data Protection Authority (PDPA)<\/b>.<\/p>\n<h2><b>Cookies<\/b><\/h2>\n<p>The site uses cookies to ensure that it functions properly and to improve the user experience.<\/p>\n<p>In particular, cookies can be used to :<\/p>\n<ul>\n<li aria-level=\"1\">the technical operation of the site<\/li>\n<li aria-level=\"1\">memorising browsing preferences<\/li>\n<li aria-level=\"1\">site audience measurement<\/li>\n<\/ul>\n<p>Users can accept, refuse or personalise the use of cookies via the consent banner displayed on their first visit.<\/p>\n<p>For more information, users can visit the <b>Cookie policy<\/b>.<\/p>\n<h2><b>Changes to the privacy policy<\/b><\/h2>\n<p>This confidentiality policy may be amended at any time to take account of changes to the site or applicable regulations.<\/p>\n<h2><b>Contact<\/b><\/h2>\n<p>If you have any questions about this privacy policy or the processing of personal data, please contact :<\/p>\n<p><b>BOSS S\u00c9CURIT\u00c9 PRIV\u00c9E<\/b><b><br \/>\n<\/b><a href=\"mailto:assistante@groupe-boss.com\">assistante@groupe-boss.com<\/a><br \/>\n+377 97 77 11 03<\/p>\n<\/div><\/div><\/div><div class=\"fusion-layout-column fusion_builder_column fusion-builder-column-3 fusion_builder_column_1_6 1_6 fusion-flex-column\" style=\"--awb-bg-size:cover;--awb-width-large:16.666666666667%;--awb-margin-top-large:0px;--awb-spacing-right-large:11.52%;--awb-margin-bottom-large:20px;--awb-spacing-left-large:11.52%;--awb-width-medium:100%;--awb-order-medium:0;--awb-spacing-right-medium:1.92%;--awb-spacing-left-medium:1.92%;--awb-width-small:100%;--awb-order-small:0;--awb-spacing-right-small:1.92%;--awb-spacing-left-small:1.92%;\"><div class=\"fusion-column-wrapper fusion-column-has-shadow fusion-flex-justify-content-flex-start fusion-content-layout-column\"><\/div><\/div><\/div><\/div><\/p>","protected":false},"excerpt":{"rendered":"","protected":false},"author":5,"featured_media":0,"parent":0,"menu_order":9,"comment_status":"closed","ping_status":"open","template":"100-width.php","meta":{"footnotes":""},"class_list":["post-3","page","type-page","status-publish","hentry"],"yoast_head":"<!-- This site is optimized with the Yoast SEO plugin v27.6 - https:\/\/yoast.com\/product\/yoast-seo-wordpress\/ -->\n<title>Politique de confidentialit\u00e9 \u2013 boss s\u00e9curit\u00e9<\/title>\n<meta name=\"description\" content=\"Consultez la politique de confidentialit\u00e9 de boss s\u00e9curit\u00e9 priv\u00e9e : protection des donn\u00e9es personnelles et respect de la r\u00e9glementation.\" \/>\n<meta name=\"robots\" content=\"index, follow, max-snippet:-1, max-image-preview:large, max-video-preview:-1\" \/>\n<link rel=\"canonical\" href=\"https:\/\/www.boss-securite-monaco.com\/en\/privacy-policy\/\" \/>\n<meta property=\"og:locale\" content=\"en_GB\" \/>\n<meta property=\"og:type\" content=\"article\" \/>\n<meta property=\"og:title\" content=\"Politique de confidentialit\u00e9 \u2013 boss s\u00e9curit\u00e9\" \/>\n<meta property=\"og:description\" content=\"Consultez la politique de confidentialit\u00e9 de boss s\u00e9curit\u00e9 priv\u00e9e : protection des donn\u00e9es personnelles et respect de la r\u00e9glementation.\" \/>\n<meta property=\"og:url\" content=\"https:\/\/www.boss-securite-monaco.com\/en\/privacy-policy\/\" \/>\n<meta property=\"og:site_name\" content=\"boss s\u00e9curit\u00e9 priv\u00e9e - Monaco\" \/>\n<meta property=\"article:modified_time\" content=\"2026-03-04T22:59:02+00:00\" \/>\n<meta name=\"twitter:card\" content=\"summary_large_image\" \/>\n<meta name=\"twitter:label1\" content=\"Estimated reading time\" \/>\n\t<meta name=\"twitter:data1\" content=\"5 minutes\" \/>\n<script type=\"application\/ld+json\" class=\"yoast-schema-graph\">{\"@context\":\"https:\\\/\\\/schema.org\",\"@graph\":[{\"@type\":\"WebPage\",\"@id\":\"https:\\\/\\\/www.boss-securite-monaco.com\\\/politique-confidentialite\\\/\",\"url\":\"https:\\\/\\\/www.boss-securite-monaco.com\\\/politique-confidentialite\\\/\",\"name\":\"Politique de confidentialit\u00e9 \u2013 boss s\u00e9curit\u00e9\",\"isPartOf\":{\"@id\":\"https:\\\/\\\/www.boss-securite-monaco.com\\\/#website\"},\"datePublished\":\"2021-06-24T15:17:42+00:00\",\"dateModified\":\"2026-03-04T22:59:02+00:00\",\"description\":\"Consultez la politique de confidentialit\u00e9 de boss s\u00e9curit\u00e9 priv\u00e9e : protection des donn\u00e9es personnelles et respect de la r\u00e9glementation.\",\"breadcrumb\":{\"@id\":\"https:\\\/\\\/www.boss-securite-monaco.com\\\/politique-confidentialite\\\/#breadcrumb\"},\"inLanguage\":\"en-GB\",\"potentialAction\":[{\"@type\":\"ReadAction\",\"target\":[\"https:\\\/\\\/www.boss-securite-monaco.com\\\/politique-confidentialite\\\/\"]}]},{\"@type\":\"BreadcrumbList\",\"@id\":\"https:\\\/\\\/www.boss-securite-monaco.com\\\/politique-confidentialite\\\/#breadcrumb\",\"itemListElement\":[{\"@type\":\"ListItem\",\"position\":1,\"name\":\"Accueil\",\"item\":\"https:\\\/\\\/www.boss-securite-monaco.com\\\/\"},{\"@type\":\"ListItem\",\"position\":2,\"name\":\"Politique de confidentialit\u00e9\"}]},{\"@type\":\"WebSite\",\"@id\":\"https:\\\/\\\/www.boss-securite-monaco.com\\\/#website\",\"url\":\"https:\\\/\\\/www.boss-securite-monaco.com\\\/\",\"name\":\"boss s\u00e9curit\u00e9 priv\u00e9e - Monaco\",\"description\":\"best of security services\",\"potentialAction\":[{\"@type\":\"SearchAction\",\"target\":{\"@type\":\"EntryPoint\",\"urlTemplate\":\"https:\\\/\\\/www.boss-securite-monaco.com\\\/?s={search_term_string}\"},\"query-input\":{\"@type\":\"PropertyValueSpecification\",\"valueRequired\":true,\"valueName\":\"search_term_string\"}}],\"inLanguage\":\"en-GB\"}]}<\/script>\n<!-- \/ Yoast SEO plugin. -->","yoast_head_json":{"title":"Privacy policy - boss security","description":"Consult the boss s\u00e9curit\u00e9 priv\u00e9e privacy policy: protection of personal data and compliance with regulations.","robots":{"index":"index","follow":"follow","max-snippet":"max-snippet:-1","max-image-preview":"max-image-preview:large","max-video-preview":"max-video-preview:-1"},"canonical":"https:\/\/www.boss-securite-monaco.com\/en\/privacy-policy\/","og_locale":"en_GB","og_type":"article","og_title":"Politique de confidentialit\u00e9 \u2013 boss s\u00e9curit\u00e9","og_description":"Consultez la politique de confidentialit\u00e9 de boss s\u00e9curit\u00e9 priv\u00e9e : protection des donn\u00e9es personnelles et respect de la r\u00e9glementation.","og_url":"https:\/\/www.boss-securite-monaco.com\/en\/privacy-policy\/","og_site_name":"boss s\u00e9curit\u00e9 priv\u00e9e - Monaco","article_modified_time":"2026-03-04T22:59:02+00:00","twitter_card":"summary_large_image","twitter_misc":{"Estimated reading time":"5 minutes"},"schema":{"@context":"https:\/\/schema.org","@graph":[{"@type":"WebPage","@id":"https:\/\/www.boss-securite-monaco.com\/politique-confidentialite\/","url":"https:\/\/www.boss-securite-monaco.com\/politique-confidentialite\/","name":"Privacy policy - boss security","isPartOf":{"@id":"https:\/\/www.boss-securite-monaco.com\/#website"},"datePublished":"2021-06-24T15:17:42+00:00","dateModified":"2026-03-04T22:59:02+00:00","description":"Consult the boss s\u00e9curit\u00e9 priv\u00e9e privacy policy: protection of personal data and compliance with regulations.","breadcrumb":{"@id":"https:\/\/www.boss-securite-monaco.com\/politique-confidentialite\/#breadcrumb"},"inLanguage":"en-GB","potentialAction":[{"@type":"ReadAction","target":["https:\/\/www.boss-securite-monaco.com\/politique-confidentialite\/"]}]},{"@type":"BreadcrumbList","@id":"https:\/\/www.boss-securite-monaco.com\/politique-confidentialite\/#breadcrumb","itemListElement":[{"@type":"ListItem","position":1,"name":"Accueil","item":"https:\/\/www.boss-securite-monaco.com\/"},{"@type":"ListItem","position":2,"name":"Politique de confidentialit\u00e9"}]},{"@type":"WebSite","@id":"https:\/\/www.boss-securite-monaco.com\/#website","url":"https:\/\/www.boss-securite-monaco.com\/","name":"boss private security - Monaco","description":"best of security services","potentialAction":[{"@type":"SearchAction","target":{"@type":"EntryPoint","urlTemplate":"https:\/\/www.boss-securite-monaco.com\/?s={search_term_string}"},"query-input":{"@type":"PropertyValueSpecification","valueRequired":true,"valueName":"search_term_string"}}],"inLanguage":"en-GB"}]}},"_links":{"self":[{"href":"https:\/\/www.boss-securite-monaco.com\/en\/wp-json\/wp\/v2\/pages\/3","targetHints":{"allow":["GET"]}}],"collection":[{"href":"https:\/\/www.boss-securite-monaco.com\/en\/wp-json\/wp\/v2\/pages"}],"about":[{"href":"https:\/\/www.boss-securite-monaco.com\/en\/wp-json\/wp\/v2\/types\/page"}],"author":[{"embeddable":true,"href":"https:\/\/www.boss-securite-monaco.com\/en\/wp-json\/wp\/v2\/users\/5"}],"replies":[{"embeddable":true,"href":"https:\/\/www.boss-securite-monaco.com\/en\/wp-json\/wp\/v2\/comments?post=3"}],"version-history":[{"count":0,"href":"https:\/\/www.boss-securite-monaco.com\/en\/wp-json\/wp\/v2\/pages\/3\/revisions"}],"wp:attachment":[{"href":"https:\/\/www.boss-securite-monaco.com\/en\/wp-json\/wp\/v2\/media?parent=3"}],"curies":[{"name":"wp","href":"https:\/\/api.w.org\/{rel}","templated":true}]}}